{"id":936,"date":"2019-06-14T11:35:07","date_gmt":"2019-06-14T11:35:07","guid":{"rendered":"http:\/\/wordpress-cure.northeurope.cloudapp.azure.com\/?page_id=936"},"modified":"2023-10-31T14:23:22","modified_gmt":"2023-10-31T14:23:22","slug":"prenumera-nyhetsbrev","status":"publish","type":"page","link":"http:\/\/4.245.224.184\/sv\/prenumera-nyhetsbrev\/","title":{"rendered":"Prenumera p\u00e5 nyhetsbrev"},"content":{"rendered":"<p><div class=\"fusion-fullwidth fullwidth-box fusion-builder-row-1 fusion-flex-container fusion-parallax-none hundred-percent-fullwidth non-hundred-percent-height-scrolling fusion-absolute-container fusion-absolute-position-small fusion-absolute-position-medium fusion-absolute-position-large\" style=\"background-color: rgba(255,255,255,0);background-image: url(&quot;https:\/\/www.curemedia.com\/wp-content\/uploads\/2021\/03\/influencer-marketing-newsletter-1-scaled.jpg&quot;);background-position: center center;background-repeat: no-repeat;border-width: 0px 0px 0px 0px;border-color:#eae9e9;border-style:solid;-webkit-background-size:cover;-moz-background-size:cover;-o-background-size:cover;background-size:cover;\" ><div class=\"fusion-builder-row fusion-row fusion-flex-align-items-flex-start\" style=\"width:104% !important;max-width:104% !important;margin-left: calc(-4% \/ 2 );margin-right: calc(-4% \/ 2 );\"><div class=\"fusion-layout-column fusion_builder_column fusion-builder-column-0 fusion_builder_column_1_2 1_2 fusion-flex-column\"><div class=\"fusion-column-wrapper fusion-flex-justify-content-flex-start fusion-content-layout-column\" style=\"background-position:left top;background-repeat:no-repeat;-webkit-background-size:cover;-moz-background-size:cover;-o-background-size:cover;background-size:cover;padding: 0px 0px 0px 0px;\"><\/div><\/div><style type=\"text\/css\">.fusion-body .fusion-builder-column-0{width:50% !important;margin-top : 0px;margin-bottom : 20px;}.fusion-builder-column-0 > .fusion-column-wrapper {padding-top : 0px !important;padding-right : 0px !important;margin-right : 3.84%;padding-bottom : 0px !important;padding-left : 0px !important;margin-left : 3.84%;}@media only screen and (max-width:1024px) {.fusion-body .fusion-builder-column-0{width:100% !important;}.fusion-builder-column-0 > .fusion-column-wrapper {margin-right : 1.92%;margin-left : 1.92%;}}@media only screen and (max-width:640px) {.fusion-body .fusion-builder-column-0{width:100% !important;}.fusion-builder-column-0 > .fusion-column-wrapper {margin-right : 1.92%;margin-left : 1.92%;}}<\/style><div class=\"fusion-layout-column fusion_builder_column fusion-builder-column-1 fusion_builder_column_1_2 1_2 fusion-flex-column\"><div class=\"fusion-column-wrapper fusion-flex-justify-content-flex-start fusion-content-layout-column\" style=\"background-position:left top;background-repeat:no-repeat;-webkit-background-size:cover;-moz-background-size:cover;-o-background-size:cover;background-size:cover;padding: 0px 0px 0px 0px;\"><div class=\"fusion-separator fusion-full-width-sep\" style=\"align-self: center;margin-left: auto;margin-right: auto;margin-top:5px;margin-bottom:5px;width:100%;\"><\/div><\/div><\/div><style type=\"text\/css\">.fusion-body .fusion-builder-column-1{width:50% !important;margin-top : 0px;margin-bottom : 20px;}.fusion-builder-column-1 > .fusion-column-wrapper {padding-top : 0px !important;padding-right : 0px !important;margin-right : 3.84%;padding-bottom : 0px !important;padding-left : 0px !important;margin-left : 3.84%;}@media only screen and (max-width:1024px) {.fusion-body .fusion-builder-column-1{width:100% !important;}.fusion-builder-column-1 > .fusion-column-wrapper {margin-right : 1.92%;margin-left : 1.92%;}}@media only screen and (max-width:640px) {.fusion-body .fusion-builder-column-1{width:100% !important;}.fusion-builder-column-1 > .fusion-column-wrapper {margin-right : 1.92%;margin-left : 1.92%;}}<\/style><\/div><style type=\"text\/css\">.fusion-body .fusion-flex-container.fusion-builder-row-1{ padding-top : 10%;margin-top : 0px;padding-right : 10%;padding-bottom : 10%;margin-bottom : 0px;padding-left : 10%;}<\/style><\/div><div class=\"fusion-fullwidth fullwidth-box fusion-builder-row-2 fusion-flex-container nonhundred-percent-fullwidth non-hundred-percent-height-scrolling\" style=\"background-color: #f4f4f1;background-position: center center;background-repeat: no-repeat;border-width: 0px 0px 0px 0px;border-color:#eae9e9;border-style:solid;\" ><div class=\"fusion-builder-row fusion-row fusion-flex-align-items-flex-start\" style=\"max-width:1196px;margin-left: calc(-4% \/ 2 );margin-right: calc(-4% \/ 2 );\"><div class=\"fusion-layout-column fusion_builder_column fusion-builder-column-2 fusion_builder_column_2_3 2_3 fusion-flex-column\"><div class=\"fusion-column-wrapper fusion-flex-justify-content-flex-start fusion-content-layout-column\" style=\"background-position:left top;background-repeat:no-repeat;-webkit-background-size:cover;-moz-background-size:cover;-o-background-size:cover;background-size:cover;padding: 0px 0px 0px 0px;\"><style type=\"text\/css\">@media only screen and (max-width:1024px) {.fusion-title.fusion-title-1{margin-top:0px!important;margin-bottom:31px!important;}}@media only screen and (max-width:640px) {.fusion-title.fusion-title-1{margin-top:10px!important;margin-bottom:10px!important;}}<\/style><div class=\"fusion-title title fusion-title-1 fusion-sep-none fusion-title-text fusion-title-size-three\" style=\"margin-top:0px;margin-bottom:31px;\"><h3 class=\"title-heading-left\" style=\"margin:0;\"><div class=\"smaller-h1\">INFLUENCER MARKETING NYHETSBREV<\/div><\/h3><\/div><style type=\"text\/css\">@media only screen and (max-width:1024px) {.fusion-title.fusion-title-2{margin-top:0px!important;margin-bottom:31px!important;}}@media only screen and (max-width:640px) {.fusion-title.fusion-title-2{margin-top:10px!important;margin-bottom:10px!important;}}<\/style><div class=\"fusion-title title fusion-title-2 fusion-sep-none fusion-title-text fusion-title-size-two\" style=\"margin-top:0px;margin-bottom:31px;\"><h2 class=\"title-heading-left\" style=\"margin:0;\">Vill du ha koll p\u00e5 det senaste inom influencer marketing?<\/h2><\/div><div class=\"fusion-separator fusion-no-large-visibility fusion-full-width-sep\" style=\"align-self: center;margin-left: auto;margin-right: auto;margin-top:15px;margin-bottom:15px;width:100%;\"><\/div><div class=\"fusion-text fusion-text-1\"><p>I v\u00e5rt nyhetsbrev, som skickas ut varannan vecka, samlar vi nyheter, trendspaningar och tips f\u00f6r att h\u00e5lla dig uppdaterad.<\/p>\n<\/div><div class=\"fusion-separator fusion-full-width-sep\" style=\"align-self: center;margin-left: auto;margin-right: auto;margin-top:5px;margin-bottom:5px;width:100%;\"><\/div><script charset=\"utf-8\" type=\"text\/javascript\" src=\"\/\/js.hsforms.net\/forms\/embed\/v2.js\"><\/script>\n<script>\n  hbspt.forms.create({\n    region: \"na1\",\n    portalId: \"2476617\",\n    formId: \"7e9de461-d108-48e0-a7c4-6bc7f24f8cf3\"\n  });\n<\/script><\/div><\/div><style type=\"text\/css\">.fusion-body .fusion-builder-column-2{width:66.666666666667% !important;margin-top : 0px;margin-bottom : 20px;}.fusion-builder-column-2 > .fusion-column-wrapper {padding-top : 0px !important;padding-right : 0px !important;margin-right : 2.88%;padding-bottom : 0px !important;padding-left : 0px !important;margin-left : 2.88%;}@media only screen and (max-width:1024px) {.fusion-body .fusion-builder-column-2{width:100% !important;}.fusion-builder-column-2 > .fusion-column-wrapper {margin-right : 1.92%;margin-left : 1.92%;}}@media only screen and (max-width:640px) {.fusion-body .fusion-builder-column-2{width:100% !important;}.fusion-builder-column-2 > .fusion-column-wrapper {margin-right : 1.92%;margin-left : 1.92%;}}<\/style><div class=\"fusion-layout-column fusion_builder_column fusion-builder-column-3 fusion_builder_column_1_3 1_3 fusion-flex-column fusion-no-small-visibility\"><div class=\"fusion-column-wrapper fusion-flex-justify-content-flex-start fusion-content-layout-column\" style=\"background-position:left top;background-repeat:no-repeat;-webkit-background-size:cover;-moz-background-size:cover;-o-background-size:cover;background-size:cover;padding: 0px 0px 0px 0px;\"><div ><span class=\" fusion-imageframe imageframe-none imageframe-1 hover-type-none\"><img decoding=\"async\" width=\"750\" height=\"1000\" alt=\"Influencer marketing newsletter - Cure Media\" title=\"NEW WEBSITE (750x1000px)\" src=\"https:\/\/www.curemedia.com\/wp-content\/uploads\/2023\/10\/NEW-WEBSITE-750x1000px.png\" class=\"img-responsive wp-image-20634\" srcset=\"http:\/\/4.245.224.184\/wp-content\/uploads\/2023\/10\/NEW-WEBSITE-750x1000px-200x267.png 200w, http:\/\/4.245.224.184\/wp-content\/uploads\/2023\/10\/NEW-WEBSITE-750x1000px-400x533.png 400w, http:\/\/4.245.224.184\/wp-content\/uploads\/2023\/10\/NEW-WEBSITE-750x1000px-600x800.png 600w, http:\/\/4.245.224.184\/wp-content\/uploads\/2023\/10\/NEW-WEBSITE-750x1000px.png 750w\" sizes=\"(max-width: 1024px) 100vw, (max-width: 640px) 100vw, 400px\" \/><\/span><\/div><\/div><\/div><style type=\"text\/css\">.fusion-body .fusion-builder-column-3{width:33.333333333333% !important;margin-top : 0px;margin-bottom : 20px;}.fusion-builder-column-3 > .fusion-column-wrapper {padding-top : 0px !important;padding-right : 0px !important;margin-right : 5.76%;padding-bottom : 0px !important;padding-left : 0px !important;margin-left : 5.76%;}@media only screen and (max-width:1024px) {.fusion-body .fusion-builder-column-3{width:100% !important;order : 0;}.fusion-builder-column-3 > .fusion-column-wrapper {margin-right : 1.92%;margin-left : 1.92%;}}@media only screen and (max-width:640px) {.fusion-body .fusion-builder-column-3{width:100% !important;order : 0;}.fusion-builder-column-3 > .fusion-column-wrapper {margin-right : 1.92%;margin-left : 1.92%;}}<\/style><\/div><style type=\"text\/css\">.fusion-body .fusion-flex-container.fusion-builder-row-2{ padding-top : 5%;margin-top : 0px;padding-right : 0px;padding-bottom : 3%;margin-bottom : 0px;padding-left : 0px;}<\/style><\/div><\/p>\n","protected":false},"excerpt":{"rendered":"","protected":false},"author":2,"featured_media":20639,"parent":0,"menu_order":0,"comment_status":"closed","ping_status":"closed","template":"100-width.php","meta":{"footnotes":""},"yoast_head":"<!-- This site is optimized with the Yoast SEO plugin v21.5 - https:\/\/yoast.com\/wordpress\/plugins\/seo\/ -->\n<title>Prenumera p\u00e5 v\u00e5rt nyhetsbrev om Influencer Marketing | Cure Media<\/title>\n<meta name=\"description\" content=\"I v\u00e5rt nyhetsbrev om influencer marketing samlar vi varje m\u00e5nad nyheter, spaningar och tips f\u00f6r att h\u00e5lla dig uppdaterad!\" \/>\n<meta name=\"robots\" content=\"index, follow, max-snippet:-1, max-image-preview:large, max-video-preview:-1\" \/>\n<link rel=\"canonical\" href=\"http:\/\/4.245.224.184\/sv\/prenumera-nyhetsbrev\/\" \/>\n<meta property=\"og:locale\" content=\"sv_SE\" \/>\n<meta property=\"og:type\" content=\"article\" \/>\n<meta property=\"og:title\" content=\"Prenumera p\u00e5 v\u00e5rt nyhetsbrev om Influencer Marketing | Cure Media\" \/>\n<meta property=\"og:description\" content=\"I v\u00e5rt nyhetsbrev om influencer marketing samlar vi varje m\u00e5nad nyheter, spaningar och tips f\u00f6r att h\u00e5lla dig uppdaterad!\" \/>\n<meta property=\"og:url\" content=\"http:\/\/4.245.224.184\/sv\/prenumera-nyhetsbrev\/\" \/>\n<meta property=\"og:site_name\" content=\"Cure Media Influencer marketing\" \/>\n<meta property=\"article:modified_time\" content=\"2023-10-31T14:23:22+00:00\" \/>\n<meta property=\"og:image\" content=\"http:\/\/4.245.224.184\/wp-content\/uploads\/2023\/10\/NEW-WEBSITE-Featured-images-6.png\" \/>\n\t<meta property=\"og:image:width\" content=\"1500\" \/>\n\t<meta property=\"og:image:height\" content=\"750\" \/>\n\t<meta property=\"og:image:type\" content=\"image\/png\" \/>\n<meta name=\"twitter:card\" content=\"summary_large_image\" \/>\n<meta name=\"twitter:label1\" content=\"Ber\u00e4knad l\u00e4stid\" \/>\n\t<meta name=\"twitter:data1\" content=\"3 minuter\" \/>\n<script type=\"application\/ld+json\" class=\"yoast-schema-graph\">{\"@context\":\"https:\/\/schema.org\",\"@graph\":[{\"@type\":\"WebPage\",\"@id\":\"http:\/\/4.245.224.184\/sv\/prenumera-nyhetsbrev\/\",\"url\":\"http:\/\/4.245.224.184\/sv\/prenumera-nyhetsbrev\/\",\"name\":\"Prenumera p\u00e5 v\u00e5rt nyhetsbrev om Influencer Marketing | Cure Media\",\"isPartOf\":{\"@id\":\"https:\/\/4.245.224.184\/#website\"},\"datePublished\":\"2019-06-14T11:35:07+00:00\",\"dateModified\":\"2023-10-31T14:23:22+00:00\",\"description\":\"I v\u00e5rt nyhetsbrev om influencer marketing samlar vi varje m\u00e5nad nyheter, spaningar och tips f\u00f6r att h\u00e5lla dig uppdaterad!\",\"breadcrumb\":{\"@id\":\"http:\/\/4.245.224.184\/sv\/prenumera-nyhetsbrev\/#breadcrumb\"},\"inLanguage\":\"sv-SE\",\"potentialAction\":[{\"@type\":\"ReadAction\",\"target\":[\"http:\/\/4.245.224.184\/sv\/prenumera-nyhetsbrev\/\"]}]},{\"@type\":\"BreadcrumbList\",\"@id\":\"http:\/\/4.245.224.184\/sv\/prenumera-nyhetsbrev\/#breadcrumb\",\"itemListElement\":[{\"@type\":\"ListItem\",\"position\":1,\"name\":\"Home\",\"item\":\"https:\/\/4.245.224.184:443\/sv\/\"},{\"@type\":\"ListItem\",\"position\":2,\"name\":\"Prenumera p\u00e5 nyhetsbrev\"}]},{\"@type\":\"WebSite\",\"@id\":\"https:\/\/4.245.224.184\/#website\",\"url\":\"https:\/\/4.245.224.184\/\",\"name\":\"Cure Media Influencer marketing\",\"description\":\"Just another WordPress site\",\"publisher\":{\"@id\":\"https:\/\/4.245.224.184\/#organization\"},\"potentialAction\":[{\"@type\":\"SearchAction\",\"target\":{\"@type\":\"EntryPoint\",\"urlTemplate\":\"https:\/\/4.245.224.184\/?s={search_term_string}\"},\"query-input\":\"required name=search_term_string\"}],\"inLanguage\":\"sv-SE\"},{\"@type\":\"Organization\",\"@id\":\"https:\/\/4.245.224.184\/#organization\",\"name\":\"Cure Media\",\"url\":\"https:\/\/4.245.224.184\/\",\"logo\":{\"@type\":\"ImageObject\",\"inLanguage\":\"sv-SE\",\"@id\":\"https:\/\/4.245.224.184\/#\/schema\/logo\/image\/\",\"url\":\"https:\/\/www.curemedia.com\/wp-content\/uploads\/2019\/09\/cure_105x94.png\",\"contentUrl\":\"https:\/\/www.curemedia.com\/wp-content\/uploads\/2019\/09\/cure_105x94.png\",\"width\":105,\"height\":94,\"caption\":\"Cure Media\"},\"image\":{\"@id\":\"https:\/\/4.245.224.184\/#\/schema\/logo\/image\/\"}}]}<\/script>\n<!-- \/ Yoast SEO plugin. -->","yoast_head_json":{"title":"Prenumera p\u00e5 v\u00e5rt nyhetsbrev om Influencer Marketing | Cure Media","description":"I v\u00e5rt nyhetsbrev om influencer marketing samlar vi varje m\u00e5nad nyheter, spaningar och tips f\u00f6r att h\u00e5lla dig uppdaterad!","robots":{"index":"index","follow":"follow","max-snippet":"max-snippet:-1","max-image-preview":"max-image-preview:large","max-video-preview":"max-video-preview:-1"},"canonical":"http:\/\/4.245.224.184\/sv\/prenumera-nyhetsbrev\/","og_locale":"sv_SE","og_type":"article","og_title":"Prenumera p\u00e5 v\u00e5rt nyhetsbrev om Influencer Marketing | Cure Media","og_description":"I v\u00e5rt nyhetsbrev om influencer marketing samlar vi varje m\u00e5nad nyheter, spaningar och tips f\u00f6r att h\u00e5lla dig uppdaterad!","og_url":"http:\/\/4.245.224.184\/sv\/prenumera-nyhetsbrev\/","og_site_name":"Cure Media Influencer marketing","article_modified_time":"2023-10-31T14:23:22+00:00","og_image":[{"width":1500,"height":750,"url":"http:\/\/4.245.224.184\/wp-content\/uploads\/2023\/10\/NEW-WEBSITE-Featured-images-6.png","type":"image\/png"}],"twitter_card":"summary_large_image","twitter_misc":{"Ber\u00e4knad l\u00e4stid":"3 minuter"},"schema":{"@context":"https:\/\/schema.org","@graph":[{"@type":"WebPage","@id":"http:\/\/4.245.224.184\/sv\/prenumera-nyhetsbrev\/","url":"http:\/\/4.245.224.184\/sv\/prenumera-nyhetsbrev\/","name":"Prenumera p\u00e5 v\u00e5rt nyhetsbrev om Influencer Marketing | Cure Media","isPartOf":{"@id":"https:\/\/4.245.224.184\/#website"},"datePublished":"2019-06-14T11:35:07+00:00","dateModified":"2023-10-31T14:23:22+00:00","description":"I v\u00e5rt nyhetsbrev om influencer marketing samlar vi varje m\u00e5nad nyheter, spaningar och tips f\u00f6r att h\u00e5lla dig uppdaterad!","breadcrumb":{"@id":"http:\/\/4.245.224.184\/sv\/prenumera-nyhetsbrev\/#breadcrumb"},"inLanguage":"sv-SE","potentialAction":[{"@type":"ReadAction","target":["http:\/\/4.245.224.184\/sv\/prenumera-nyhetsbrev\/"]}]},{"@type":"BreadcrumbList","@id":"http:\/\/4.245.224.184\/sv\/prenumera-nyhetsbrev\/#breadcrumb","itemListElement":[{"@type":"ListItem","position":1,"name":"Home","item":"https:\/\/4.245.224.184:443\/sv\/"},{"@type":"ListItem","position":2,"name":"Prenumera p\u00e5 nyhetsbrev"}]},{"@type":"WebSite","@id":"https:\/\/4.245.224.184\/#website","url":"https:\/\/4.245.224.184\/","name":"Cure Media Influencer marketing","description":"Just another WordPress site","publisher":{"@id":"https:\/\/4.245.224.184\/#organization"},"potentialAction":[{"@type":"SearchAction","target":{"@type":"EntryPoint","urlTemplate":"https:\/\/4.245.224.184\/?s={search_term_string}"},"query-input":"required name=search_term_string"}],"inLanguage":"sv-SE"},{"@type":"Organization","@id":"https:\/\/4.245.224.184\/#organization","name":"Cure Media","url":"https:\/\/4.245.224.184\/","logo":{"@type":"ImageObject","inLanguage":"sv-SE","@id":"https:\/\/4.245.224.184\/#\/schema\/logo\/image\/","url":"https:\/\/www.curemedia.com\/wp-content\/uploads\/2019\/09\/cure_105x94.png","contentUrl":"https:\/\/www.curemedia.com\/wp-content\/uploads\/2019\/09\/cure_105x94.png","width":105,"height":94,"caption":"Cure Media"},"image":{"@id":"https:\/\/4.245.224.184\/#\/schema\/logo\/image\/"}}]}},"_links":{"self":[{"href":"http:\/\/4.245.224.184\/sv\/wp-json\/wp\/v2\/pages\/936"}],"collection":[{"href":"http:\/\/4.245.224.184\/sv\/wp-json\/wp\/v2\/pages"}],"about":[{"href":"http:\/\/4.245.224.184\/sv\/wp-json\/wp\/v2\/types\/page"}],"author":[{"embeddable":true,"href":"http:\/\/4.245.224.184\/sv\/wp-json\/wp\/v2\/users\/2"}],"replies":[{"embeddable":true,"href":"http:\/\/4.245.224.184\/sv\/wp-json\/wp\/v2\/comments?post=936"}],"version-history":[{"count":25,"href":"http:\/\/4.245.224.184\/sv\/wp-json\/wp\/v2\/pages\/936\/revisions"}],"predecessor-version":[{"id":21063,"href":"http:\/\/4.245.224.184\/sv\/wp-json\/wp\/v2\/pages\/936\/revisions\/21063"}],"wp:featuredmedia":[{"embeddable":true,"href":"http:\/\/4.245.224.184\/sv\/wp-json\/wp\/v2\/media\/20639"}],"wp:attachment":[{"href":"http:\/\/4.245.224.184\/sv\/wp-json\/wp\/v2\/media?parent=936"}],"curies":[{"name":"wp","href":"https:\/\/api.w.org\/{rel}","templated":true}]}}