{"id":26,"date":"2019-05-06T13:31:27","date_gmt":"2019-05-06T13:31:27","guid":{"rendered":"http:\/\/wordpress-cure.northeurope.cloudapp.azure.com\/?page_id=26"},"modified":"2023-11-07T19:21:42","modified_gmt":"2023-11-07T19:21:42","slug":"kontakt","status":"publish","type":"page","link":"http:\/\/4.245.224.184\/sv\/kontakt\/","title":{"rendered":"Kontakt"},"content":{"rendered":"<p><div class=\"fusion-bg-parallax\" data-bg-align=\"center center\" data-direction=\"up\" data-mute=\"false\" data-opacity=\"100\" data-velocity=\"-0.3\" data-mobile-enabled=\"false\" data-break_parents=\"0\" data-bg-image=\"https:\/\/www.curemedia.com\/wp-content\/uploads\/2023\/10\/NEW-WEBSITE-Headers-9-1.png\" data-bg-repeat=\"false\" data-bg-color=\"#ffffff\" ><\/div><div class=\"fusion-fullwidth fullwidth-box fusion-builder-row-1 fusion-parallax-up nonhundred-percent-fullwidth non-hundred-percent-height-scrolling fusion-no-small-visibility fusion-no-medium-visibility\" style=\"background-color: #ffffff;background-image: url(&quot;https:\/\/www.curemedia.com\/wp-content\/uploads\/2023\/10\/NEW-WEBSITE-Headers-9-1.png&quot;);background-position: center center;background-repeat: no-repeat;padding-top:250px;padding-right:0px;padding-bottom:0px;padding-left:0px;margin-bottom: 0px;margin-top: 0px;border-width: 0px 0px 0px 0px;border-color:#eae9e9;border-style:solid;-webkit-background-size:cover;-moz-background-size:cover;-o-background-size:cover;background-size:cover;\" ><div class=\"fusion-builder-row fusion-row\"><div class=\"fusion-layout-column fusion_builder_column fusion-builder-column-0 fusion_builder_column_1_1 1_1 fusion-one-full fusion-column-first fusion-column-last\" style=\"margin-top:0px;margin-bottom:20px;\"><div class=\"fusion-column-wrapper fusion-flex-column-wrapper-legacy\" style=\"background-position:left top;background-repeat:no-repeat;-webkit-background-size:cover;-moz-background-size:cover;-o-background-size:cover;background-size:cover;padding: 0px 0px 0px 0px;\"><style type=\"text\/css\"><\/style><div class=\"fusion-title title fusion-title-1 fusion-sep-none fusion-title-text fusion-title-size-one\" style=\"margin-top:0px;margin-bottom:31px;\"><h1 class=\"title-heading-left\" style=\"margin:0;color:#ffffff;\">KONTAKTA OSS OM INFLUENCER MARKETING<\/h1><\/div><div class=\"fusion-clearfix\"><\/div><\/div><\/div><\/div><\/div><div class=\"fusion-bg-parallax\" data-bg-align=\"center center\" data-direction=\"up\" data-mute=\"false\" data-opacity=\"100\" data-velocity=\"-0.3\" data-mobile-enabled=\"false\" data-break_parents=\"0\" data-bg-image=\"https:\/\/www.curemedia.com\/wp-content\/uploads\/2023\/10\/NEW-WEBSITE-Headers-9-1.png\" data-bg-repeat=\"false\" data-bg-color=\"#ffffff\" ><\/div><div class=\"fusion-fullwidth fullwidth-box fusion-builder-row-2 fusion-parallax-up nonhundred-percent-fullwidth non-hundred-percent-height-scrolling fusion-no-large-visibility\" style=\"background-color: #ffffff;background-image: url(&quot;https:\/\/www.curemedia.com\/wp-content\/uploads\/2023\/10\/NEW-WEBSITE-Headers-9-1.png&quot;);background-position: center center;background-repeat: no-repeat;padding-top:250px;padding-right:0px;padding-bottom:0px;padding-left:0px;margin-bottom: 0px;margin-top: 0px;border-width: 0px 0px 0px 0px;border-color:#eae9e9;border-style:solid;-webkit-background-size:cover;-moz-background-size:cover;-o-background-size:cover;background-size:cover;\" ><div class=\"fusion-builder-row fusion-row\"><div class=\"fusion-layout-column fusion_builder_column fusion-builder-column-1 fusion_builder_column_1_1 1_1 fusion-one-full fusion-column-first fusion-column-last\" style=\"margin-top:0px;margin-bottom:20px;\"><div class=\"fusion-column-wrapper fusion-flex-column-wrapper-legacy\" style=\"background-position:left top;background-repeat:no-repeat;-webkit-background-size:cover;-moz-background-size:cover;-o-background-size:cover;background-size:cover;padding: 0px 0px 0px 0px;\"><style type=\"text\/css\"><\/style><div class=\"fusion-title title fusion-title-2 fusion-sep-none fusion-title-text fusion-title-size-one\" style=\"margin-top:0px;margin-bottom:31px;\"><h1 class=\"title-heading-left\" style=\"margin:0;color:#ffffff;\"><div class=\"header-mobile\">KONTAKTA OSS OM INFLUENCER MARKETING<\/div><\/h1><\/div><div class=\"fusion-clearfix\"><\/div><\/div><\/div><\/div><\/div><div class=\"fusion-fullwidth fullwidth-box fusion-builder-row-3 nonhundred-percent-fullwidth non-hundred-percent-height-scrolling\" style=\"background-color: #ffffff;background-position: center center;background-repeat: no-repeat;padding-top:0px;padding-right:0px;padding-bottom:0px;padding-left:0px;margin-bottom: 6%;margin-top: 5%;border-width: 0px 0px 0px 0px;border-color:#eae9e9;border-style:solid;\" ><div class=\"fusion-builder-row fusion-row\"><div class=\"fusion-layout-column fusion_builder_column fusion-builder-column-2 fusion_builder_column_1_2 1_2 fusion-one-half fusion-column-first\" style=\"width:50%;width:calc(50% - ( ( 4% ) * 0.5 ) );margin-right: 4%;margin-top:0px;margin-bottom:20px;\"><div class=\"fusion-column-wrapper fusion-flex-column-wrapper-legacy\" style=\"background-position:left top;background-repeat:no-repeat;-webkit-background-size:cover;-moz-background-size:cover;-o-background-size:cover;background-size:cover;padding: 0px 0px 0px 0px;\"><div class=\"fusion-sep-clear\"><\/div><div class=\"fusion-separator fusion-no-large-visibility fusion-full-width-sep\" style=\"margin-left: auto;margin-right: auto;margin-top:10px;margin-bottom:10px;width:100%;\"><\/div><div class=\"fusion-sep-clear\"><\/div><style type=\"text\/css\"><\/style><div class=\"fusion-title title fusion-title-3 fusion-sep-none fusion-title-text fusion-title-size-two\" style=\"margin-top:0px;margin-bottom:31px;\"><h2 class=\"title-heading-left\" style=\"margin:0;\">H\u00f6r g\u00e4rna av dig.<\/h2><\/div><div class=\"fusion-sep-clear\"><\/div><div class=\"fusion-separator fusion-no-large-visibility fusion-full-width-sep\" style=\"margin-left: auto;margin-right: auto;margin-top:10px;margin-bottom:10px;width:100%;\"><\/div><div class=\"fusion-sep-clear\"><\/div><div class=\"fusion-text fusion-text-1\"><p>\u00c4r du nyfiken p\u00e5 hur vi kan hj\u00e4lpa dig att implementera en framg\u00e5ngsrik strategi f\u00f6r influencer marketing? Fyll i formul\u00e4ret s\u00e5 h\u00f6r vi av oss till dig s\u00e5 snart vi kan.<\/p>\n<\/div><div class=\"fusion-sep-clear\"><\/div><div class=\"fusion-separator fusion-full-width-sep\" style=\"margin-left: auto;margin-right: auto;margin-top:5px;margin-bottom:5px;width:100%;\"><\/div><div class=\"fusion-sep-clear\"><\/div><div class=\"fusion-text fusion-text-2\"><p>F\u00f6r jobbans\u00f6kningar och praktikf\u00f6rfr\u00e5gningar h\u00e4nvisar vi till v\u00e5r\u00a0<strong><a href=\"https:\/\/career.www.curemedia.com\/\">Karri\u00e4rsida \u00bb<\/a><\/strong><\/p>\n<\/div><div class=\"fusion-text fusion-text-3\"><p style=\"text-align: left;\">Om du \u00e4r en influencer som vill ans\u00f6ka till v\u00e5rt n\u00e4tverk h\u00e4nvisar vi dig till <strong><a href=\"https:\/\/www.curemedia.com\/sv\/ansok-till-vart-influencer-natverk\/\">den h\u00e4r sidan \u00bb<\/a><\/strong><\/p>\n<\/div><div class=\"fusion-clearfix\"><\/div><\/div><\/div><div class=\"fusion-layout-column fusion_builder_column fusion-builder-column-3 fusion_builder_column_1_2 1_2 fusion-one-half fusion-column-last\" style=\"width:50%;width:calc(50% - ( ( 4% ) * 0.5 ) );margin-top:0px;margin-bottom:20px;\"><div class=\"fusion-column-wrapper fusion-flex-column-wrapper-legacy\" style=\"background-position:left top;background-repeat:no-repeat;-webkit-background-size:cover;-moz-background-size:cover;-o-background-size:cover;background-size:cover;padding: 0px 0px 0px 0px;\"><div class=\"fusion-sep-clear\"><\/div><div class=\"fusion-separator fusion-no-large-visibility fusion-full-width-sep\" style=\"margin-left: auto;margin-right: auto;margin-top:5px;margin-bottom:5px;width:100%;\"><\/div><div class=\"fusion-sep-clear\"><\/div><!--[if lte IE 8]>\n<script charset=\"utf-8\" type=\"text\/javascript\" src=\"\/\/js.hsforms.net\/forms\/v2-legacy.js\"><\/script>\n<![endif]-->\n<script charset=\"utf-8\" type=\"text\/javascript\" src=\"\/\/js.hsforms.net\/forms\/v2.js\"><\/script>\n<script>\n  hbspt.forms.create({\n\tportalId: \"2476617\",\n\tformId: \"f9eb2a14-7a39-45b1-915e-b292cf2464ba\"\n});\n<\/script><div class=\"fusion-clearfix\"><\/div><\/div><\/div><\/div><\/div><\/p>\n","protected":false},"excerpt":{"rendered":"","protected":false},"author":2,"featured_media":20428,"parent":0,"menu_order":0,"comment_status":"closed","ping_status":"closed","template":"100-width.php","meta":{"footnotes":""},"yoast_head":"<!-- This site is optimized with the Yoast SEO plugin v21.5 - https:\/\/yoast.com\/wordpress\/plugins\/seo\/ -->\n<title>Vill du skapa resultat med hj\u00e4lp av Influencer Marketing? | Cure Media<\/title>\n<meta name=\"description\" content=\"\u00c4r du nyfiken p\u00e5 hur vi kan hj\u00e4lpa dig till en framg\u00e5ngsrik influencer marketing-strategi? Fyll i formul\u00e4ret s\u00e5 h\u00f6r vi av oss till dig s\u00e5 snart vi kan.\u00a0\" \/>\n<meta name=\"robots\" content=\"index, follow, max-snippet:-1, max-image-preview:large, max-video-preview:-1\" \/>\n<link rel=\"canonical\" href=\"http:\/\/4.245.224.184\/sv\/kontakt\/\" \/>\n<meta property=\"og:locale\" content=\"sv_SE\" \/>\n<meta property=\"og:type\" content=\"article\" \/>\n<meta property=\"og:title\" content=\"Vill du skapa resultat med hj\u00e4lp av Influencer Marketing? | Cure Media\" \/>\n<meta property=\"og:description\" content=\"\u00c4r du nyfiken p\u00e5 hur vi kan hj\u00e4lpa dig till en framg\u00e5ngsrik influencer marketing-strategi? Fyll i formul\u00e4ret s\u00e5 h\u00f6r vi av oss till dig s\u00e5 snart vi kan.\u00a0\" \/>\n<meta property=\"og:url\" content=\"http:\/\/4.245.224.184\/sv\/kontakt\/\" \/>\n<meta property=\"og:site_name\" content=\"Cure Media Influencer marketing\" \/>\n<meta property=\"article:modified_time\" content=\"2023-11-07T19:21:42+00:00\" \/>\n<meta property=\"og:image\" content=\"http:\/\/4.245.224.184\/wp-content\/uploads\/2023\/10\/NEW-WEBSITE-Featured-images-5-1.png\" \/>\n\t<meta property=\"og:image:width\" content=\"1500\" \/>\n\t<meta property=\"og:image:height\" content=\"750\" \/>\n\t<meta property=\"og:image:type\" content=\"image\/png\" \/>\n<meta name=\"twitter:card\" content=\"summary_large_image\" \/>\n<meta name=\"twitter:label1\" content=\"Ber\u00e4knad l\u00e4stid\" \/>\n\t<meta name=\"twitter:data1\" content=\"4 minuter\" \/>\n<script type=\"application\/ld+json\" class=\"yoast-schema-graph\">{\"@context\":\"https:\/\/schema.org\",\"@graph\":[{\"@type\":\"WebPage\",\"@id\":\"http:\/\/4.245.224.184\/sv\/kontakt\/\",\"url\":\"http:\/\/4.245.224.184\/sv\/kontakt\/\",\"name\":\"Vill du skapa resultat med hj\u00e4lp av Influencer Marketing? | Cure Media\",\"isPartOf\":{\"@id\":\"https:\/\/4.245.224.184\/#website\"},\"datePublished\":\"2019-05-06T13:31:27+00:00\",\"dateModified\":\"2023-11-07T19:21:42+00:00\",\"description\":\"\u00c4r du nyfiken p\u00e5 hur vi kan hj\u00e4lpa dig till en framg\u00e5ngsrik influencer marketing-strategi? Fyll i formul\u00e4ret s\u00e5 h\u00f6r vi av oss till dig s\u00e5 snart vi kan.\u00a0\",\"breadcrumb\":{\"@id\":\"http:\/\/4.245.224.184\/sv\/kontakt\/#breadcrumb\"},\"inLanguage\":\"sv-SE\",\"potentialAction\":[{\"@type\":\"ReadAction\",\"target\":[\"http:\/\/4.245.224.184\/sv\/kontakt\/\"]}]},{\"@type\":\"BreadcrumbList\",\"@id\":\"http:\/\/4.245.224.184\/sv\/kontakt\/#breadcrumb\",\"itemListElement\":[{\"@type\":\"ListItem\",\"position\":1,\"name\":\"Home\",\"item\":\"https:\/\/4.245.224.184:443\/sv\/\"},{\"@type\":\"ListItem\",\"position\":2,\"name\":\"Kontakt\"}]},{\"@type\":\"WebSite\",\"@id\":\"https:\/\/4.245.224.184\/#website\",\"url\":\"https:\/\/4.245.224.184\/\",\"name\":\"Cure Media Influencer marketing\",\"description\":\"Just another WordPress site\",\"publisher\":{\"@id\":\"https:\/\/4.245.224.184\/#organization\"},\"potentialAction\":[{\"@type\":\"SearchAction\",\"target\":{\"@type\":\"EntryPoint\",\"urlTemplate\":\"https:\/\/4.245.224.184\/?s={search_term_string}\"},\"query-input\":\"required name=search_term_string\"}],\"inLanguage\":\"sv-SE\"},{\"@type\":\"Organization\",\"@id\":\"https:\/\/4.245.224.184\/#organization\",\"name\":\"Cure Media\",\"url\":\"https:\/\/4.245.224.184\/\",\"logo\":{\"@type\":\"ImageObject\",\"inLanguage\":\"sv-SE\",\"@id\":\"https:\/\/4.245.224.184\/#\/schema\/logo\/image\/\",\"url\":\"https:\/\/www.curemedia.com\/wp-content\/uploads\/2019\/09\/cure_105x94.png\",\"contentUrl\":\"https:\/\/www.curemedia.com\/wp-content\/uploads\/2019\/09\/cure_105x94.png\",\"width\":105,\"height\":94,\"caption\":\"Cure Media\"},\"image\":{\"@id\":\"https:\/\/4.245.224.184\/#\/schema\/logo\/image\/\"}}]}<\/script>\n<!-- \/ Yoast SEO plugin. -->","yoast_head_json":{"title":"Vill du skapa resultat med hj\u00e4lp av Influencer Marketing? | Cure Media","description":"\u00c4r du nyfiken p\u00e5 hur vi kan hj\u00e4lpa dig till en framg\u00e5ngsrik influencer marketing-strategi? Fyll i formul\u00e4ret s\u00e5 h\u00f6r vi av oss till dig s\u00e5 snart vi kan.\u00a0","robots":{"index":"index","follow":"follow","max-snippet":"max-snippet:-1","max-image-preview":"max-image-preview:large","max-video-preview":"max-video-preview:-1"},"canonical":"http:\/\/4.245.224.184\/sv\/kontakt\/","og_locale":"sv_SE","og_type":"article","og_title":"Vill du skapa resultat med hj\u00e4lp av Influencer Marketing? | Cure Media","og_description":"\u00c4r du nyfiken p\u00e5 hur vi kan hj\u00e4lpa dig till en framg\u00e5ngsrik influencer marketing-strategi? Fyll i formul\u00e4ret s\u00e5 h\u00f6r vi av oss till dig s\u00e5 snart vi kan.\u00a0","og_url":"http:\/\/4.245.224.184\/sv\/kontakt\/","og_site_name":"Cure Media Influencer marketing","article_modified_time":"2023-11-07T19:21:42+00:00","og_image":[{"width":1500,"height":750,"url":"http:\/\/4.245.224.184\/wp-content\/uploads\/2023\/10\/NEW-WEBSITE-Featured-images-5-1.png","type":"image\/png"}],"twitter_card":"summary_large_image","twitter_misc":{"Ber\u00e4knad l\u00e4stid":"4 minuter"},"schema":{"@context":"https:\/\/schema.org","@graph":[{"@type":"WebPage","@id":"http:\/\/4.245.224.184\/sv\/kontakt\/","url":"http:\/\/4.245.224.184\/sv\/kontakt\/","name":"Vill du skapa resultat med hj\u00e4lp av Influencer Marketing? | Cure Media","isPartOf":{"@id":"https:\/\/4.245.224.184\/#website"},"datePublished":"2019-05-06T13:31:27+00:00","dateModified":"2023-11-07T19:21:42+00:00","description":"\u00c4r du nyfiken p\u00e5 hur vi kan hj\u00e4lpa dig till en framg\u00e5ngsrik influencer marketing-strategi? Fyll i formul\u00e4ret s\u00e5 h\u00f6r vi av oss till dig s\u00e5 snart vi kan.\u00a0","breadcrumb":{"@id":"http:\/\/4.245.224.184\/sv\/kontakt\/#breadcrumb"},"inLanguage":"sv-SE","potentialAction":[{"@type":"ReadAction","target":["http:\/\/4.245.224.184\/sv\/kontakt\/"]}]},{"@type":"BreadcrumbList","@id":"http:\/\/4.245.224.184\/sv\/kontakt\/#breadcrumb","itemListElement":[{"@type":"ListItem","position":1,"name":"Home","item":"https:\/\/4.245.224.184:443\/sv\/"},{"@type":"ListItem","position":2,"name":"Kontakt"}]},{"@type":"WebSite","@id":"https:\/\/4.245.224.184\/#website","url":"https:\/\/4.245.224.184\/","name":"Cure Media Influencer marketing","description":"Just another WordPress site","publisher":{"@id":"https:\/\/4.245.224.184\/#organization"},"potentialAction":[{"@type":"SearchAction","target":{"@type":"EntryPoint","urlTemplate":"https:\/\/4.245.224.184\/?s={search_term_string}"},"query-input":"required name=search_term_string"}],"inLanguage":"sv-SE"},{"@type":"Organization","@id":"https:\/\/4.245.224.184\/#organization","name":"Cure Media","url":"https:\/\/4.245.224.184\/","logo":{"@type":"ImageObject","inLanguage":"sv-SE","@id":"https:\/\/4.245.224.184\/#\/schema\/logo\/image\/","url":"https:\/\/www.curemedia.com\/wp-content\/uploads\/2019\/09\/cure_105x94.png","contentUrl":"https:\/\/www.curemedia.com\/wp-content\/uploads\/2019\/09\/cure_105x94.png","width":105,"height":94,"caption":"Cure Media"},"image":{"@id":"https:\/\/4.245.224.184\/#\/schema\/logo\/image\/"}}]}},"_links":{"self":[{"href":"http:\/\/4.245.224.184\/sv\/wp-json\/wp\/v2\/pages\/26"}],"collection":[{"href":"http:\/\/4.245.224.184\/sv\/wp-json\/wp\/v2\/pages"}],"about":[{"href":"http:\/\/4.245.224.184\/sv\/wp-json\/wp\/v2\/types\/page"}],"author":[{"embeddable":true,"href":"http:\/\/4.245.224.184\/sv\/wp-json\/wp\/v2\/users\/2"}],"replies":[{"embeddable":true,"href":"http:\/\/4.245.224.184\/sv\/wp-json\/wp\/v2\/comments?post=26"}],"version-history":[{"count":34,"href":"http:\/\/4.245.224.184\/sv\/wp-json\/wp\/v2\/pages\/26\/revisions"}],"predecessor-version":[{"id":21610,"href":"http:\/\/4.245.224.184\/sv\/wp-json\/wp\/v2\/pages\/26\/revisions\/21610"}],"wp:featuredmedia":[{"embeddable":true,"href":"http:\/\/4.245.224.184\/sv\/wp-json\/wp\/v2\/media\/20428"}],"wp:attachment":[{"href":"http:\/\/4.245.224.184\/sv\/wp-json\/wp\/v2\/media?parent=26"}],"curies":[{"name":"wp","href":"https:\/\/api.w.org\/{rel}","templated":true}]}}