{"id":118,"date":"2019-05-07T10:45:29","date_gmt":"2019-05-07T10:45:29","guid":{"rendered":"http:\/\/wordpress-cure.northeurope.cloudapp.azure.com\/?page_id=118"},"modified":"2023-11-07T19:46:19","modified_gmt":"2023-11-07T19:46:19","slug":"guide-influencer-marketing","status":"publish","type":"page","link":"http:\/\/4.245.224.184\/sv\/guide-influencer-marketing\/","title":{"rendered":"Guider"},"content":{"rendered":"<p><div class=\"fusion-bg-parallax\" data-bg-align=\"center center\" data-direction=\"up\" data-mute=\"false\" data-opacity=\"100\" data-velocity=\"-0.3\" data-mobile-enabled=\"false\" data-break_parents=\"0\" data-bg-image=\"https:\/\/www.curemedia.com\/wp-content\/uploads\/2022\/05\/NEW-WEBSITE-Headers-5-1-1.png\" data-bg-repeat=\"false\" ><\/div><div class=\"fusion-fullwidth fullwidth-box fusion-builder-row-1 fusion-parallax-up nonhundred-percent-fullwidth non-hundred-percent-height-scrolling fusion-no-small-visibility fusion-no-medium-visibility\" style=\"background-color: rgba(255,255,255,0);background-image: url(&quot;https:\/\/www.curemedia.com\/wp-content\/uploads\/2022\/05\/NEW-WEBSITE-Headers-5-1-1.png&quot;);background-position: center center;background-repeat: no-repeat;padding-top:250px;padding-right:0px;padding-bottom:0px;padding-left:0px;margin-bottom: 0px;margin-top: 0px;border-width: 0px 0px 0px 0px;border-color:#eae9e9;border-style:solid;-webkit-background-size:cover;-moz-background-size:cover;-o-background-size:cover;background-size:cover;\" ><div class=\"fusion-builder-row fusion-row\"><div class=\"fusion-layout-column fusion_builder_column fusion-builder-column-0 fusion_builder_column_1_1 1_1 fusion-one-full fusion-column-first fusion-column-last\" style=\"margin-top:0px;margin-bottom:20px;\"><div class=\"fusion-column-wrapper fusion-flex-column-wrapper-legacy\" style=\"background-position:left top;background-repeat:no-repeat;-webkit-background-size:cover;-moz-background-size:cover;-o-background-size:cover;background-size:cover;padding: 0px 0px 0px 0px;\"><style type=\"text\/css\"><\/style><div class=\"fusion-title title fusion-title-1 fusion-sep-none fusion-title-text fusion-title-size-one\" style=\"margin-top:0px;margin-bottom:31px;\"><h1 class=\"title-heading-left\" style=\"margin:0;color:#ffffff;\">GUIDER &amp; RAPPORTER<\/h1><\/div><div class=\"fusion-clearfix\"><\/div><\/div><\/div><\/div><\/div><div class=\"fusion-bg-parallax\" data-bg-align=\"center center\" data-direction=\"up\" data-mute=\"false\" data-opacity=\"100\" data-velocity=\"-0.3\" data-mobile-enabled=\"false\" data-break_parents=\"0\" data-bg-image=\"https:\/\/www.curemedia.com\/wp-content\/uploads\/2022\/05\/NEW-WEBSITE-Headers-5-1-1.png\" data-bg-repeat=\"false\" ><\/div><div class=\"fusion-fullwidth fullwidth-box fusion-builder-row-2 fusion-parallax-up nonhundred-percent-fullwidth non-hundred-percent-height-scrolling fusion-no-large-visibility\" style=\"background-color: rgba(255,255,255,0);background-image: url(&quot;https:\/\/www.curemedia.com\/wp-content\/uploads\/2022\/05\/NEW-WEBSITE-Headers-5-1-1.png&quot;);background-position: center center;background-repeat: no-repeat;padding-top:250px;padding-right:0px;padding-bottom:0px;padding-left:0px;margin-bottom: 0px;margin-top: 0px;border-width: 0px 0px 0px 0px;border-color:#eae9e9;border-style:solid;-webkit-background-size:cover;-moz-background-size:cover;-o-background-size:cover;background-size:cover;\" ><div class=\"fusion-builder-row fusion-row\"><div class=\"fusion-layout-column fusion_builder_column fusion-builder-column-1 fusion_builder_column_1_1 1_1 fusion-one-full fusion-column-first fusion-column-last\" style=\"margin-top:0px;margin-bottom:20px;\"><div class=\"fusion-column-wrapper fusion-flex-column-wrapper-legacy\" style=\"background-position:left top;background-repeat:no-repeat;-webkit-background-size:cover;-moz-background-size:cover;-o-background-size:cover;background-size:cover;padding: 0px 0px 0px 0px;\"><style type=\"text\/css\"><\/style><div class=\"fusion-title title fusion-title-2 fusion-sep-none fusion-title-text fusion-title-size-one\" style=\"margin-top:0px;margin-bottom:31px;\"><h1 class=\"title-heading-left\" style=\"margin:0;color:#ffffff;\"><div class=\"header-mobile\">GUIDER &amp; RAPPORTER<\/DIV><\/h1><\/div><div class=\"fusion-clearfix\"><\/div><\/div><\/div><\/div><\/div><div class=\"fusion-fullwidth fullwidth-box fusion-builder-row-3 fusion-flex-container nonhundred-percent-fullwidth non-hundred-percent-height-scrolling\" style=\"background-color: #f4f4f1;background-position: center center;background-repeat: no-repeat;border-width: 0px 0px 0px 0px;border-color:#eae9e9;border-style:solid;\" ><div class=\"fusion-builder-row fusion-row fusion-flex-align-items-flex-start\" style=\"max-width:1196px;margin-left: calc(-4% \/ 2 );margin-right: calc(-4% \/ 2 );\"><div class=\"fusion-layout-column fusion_builder_column fusion-builder-column-2 fusion_builder_column_2_3 2_3 fusion-flex-column\"><div class=\"fusion-column-wrapper fusion-flex-justify-content-flex-start fusion-content-layout-column\" style=\"background-position:left top;background-repeat:no-repeat;-webkit-background-size:cover;-moz-background-size:cover;-o-background-size:cover;background-size:cover;padding: 0px 0px 0px 0px;\"><div class=\"fusion-separator fusion-full-width-sep\" style=\"align-self: center;margin-left: auto;margin-right: auto;margin-top:6px;margin-bottom:6px;width:100%;\"><\/div><style type=\"text\/css\">@media only screen and (max-width:1024px) {.fusion-title.fusion-title-3{margin-top:0px!important;margin-bottom:31px!important;}}@media only screen and (max-width:640px) {.fusion-title.fusion-title-3{margin-top:10px!important;margin-bottom:10px!important;}}<\/style><div class=\"fusion-title title fusion-title-3 fusion-sep-none fusion-title-text fusion-title-size-two\" style=\"margin-top:0px;margin-bottom:31px;\"><h2 class=\"title-heading-left\" style=\"margin:0;\">Det mesta av v\u00e5rt content sl\u00e4pps numera enbart p\u00e5 engelska.<\/h2><\/div><style type=\"text\/css\">@media only screen and (max-width:1024px) {.fusion-title.fusion-title-4{margin-top:0px!important;margin-bottom:31px!important;}}@media only screen and (max-width:640px) {.fusion-title.fusion-title-4{margin-top:10px!important;margin-bottom:10px!important;}}<\/style><div class=\"fusion-title title fusion-title-4 fusion-sep-none fusion-title-text fusion-title-size-three\" style=\"margin-top:0px;margin-bottom:31px;\"><h3 class=\"title-heading-left\" style=\"margin:0;\">Klicka p\u00e5 l\u00e4nken f\u00f6r att komma till v\u00e5r engelska hemsida och se v\u00e5ra senaste guider och rapporter!<\/h3><\/div><div class=\"fusion-separator fusion-full-width-sep\" style=\"align-self: center;margin-left: auto;margin-right: auto;margin-top:6px;margin-bottom:6px;width:100%;\"><\/div><div style=\"text-align:left;\"><style type=\"text\/css\">.fusion-button.button-1 .fusion-button-text, .fusion-button.button-1 i {color:#000000;}.fusion-button.button-1 .fusion-button-icon-divider{border-color:#000000;}.fusion-button.button-1:hover .fusion-button-text, .fusion-button.button-1:hover i,.fusion-button.button-1:focus .fusion-button-text, .fusion-button.button-1:focus i,.fusion-button.button-1:active .fusion-button-text, .fusion-button.button-1:active{color:#ffffff;}.fusion-button.button-1:hover .fusion-button-icon-divider, .fusion-button.button-1:hover .fusion-button-icon-divider, .fusion-button.button-1:active .fusion-button-icon-divider{border-color:#ffffff;}.fusion-button.button-1:hover, .fusion-button.button-1:focus, .fusion-button.button-1:active{border-color:#000000;}.fusion-button.button-1 {border-color:#000000;border-radius:50px;}.fusion-button.button-1{background: #f4f4f1;}.fusion-button.button-1:hover,.button-1:focus,.fusion-button.button-1:active{background: #000000;}<\/style><a class=\"fusion-button button-flat button-medium button-custom button-1 fusion-button-default-span fusion-button-default-type customButton\" target=\"_self\" href=\"https:\/\/www.curemedia.com\/influencer-marketing-guides\/\"><span class=\"fusion-button-text\">GUIDER &amp; RAPPORTER<\/span><i class=\"fa-arrow-right fas button-icon-right\" aria-hidden=\"true\"><\/i><\/a><\/div><\/div><\/div><style type=\"text\/css\">.fusion-body .fusion-builder-column-2{width:66.666666666667% !important;margin-top : 0px;margin-bottom : 20px;}.fusion-builder-column-2 > .fusion-column-wrapper {padding-top : 0px !important;padding-right : 0px !important;margin-right : 2.88%;padding-bottom : 0px !important;padding-left : 0px !important;margin-left : 2.88%;}@media only screen and (max-width:1024px) {.fusion-body .fusion-builder-column-2{width:100% !important;order : 0;}.fusion-builder-column-2 > .fusion-column-wrapper {margin-right : 1.92%;margin-left : 1.92%;}}@media only screen and (max-width:640px) {.fusion-body .fusion-builder-column-2{width:100% !important;order : 0;}.fusion-builder-column-2 > .fusion-column-wrapper {margin-right : 1.92%;margin-left : 1.92%;}}<\/style><div class=\"fusion-layout-column fusion_builder_column fusion-builder-column-3 fusion_builder_column_1_4 1_4 fusion-flex-column\"><div class=\"fusion-column-wrapper fusion-flex-justify-content-flex-start fusion-content-layout-column\" style=\"background-position:left top;background-repeat:no-repeat;-webkit-background-size:cover;-moz-background-size:cover;-o-background-size:cover;background-size:cover;padding: 0px 0px 0px 0px;\"><\/div><\/div><style type=\"text\/css\">.fusion-body .fusion-builder-column-3{width:25% !important;margin-top : 0px;margin-bottom : 20px;}.fusion-builder-column-3 > .fusion-column-wrapper {padding-top : 0px !important;padding-right : 0px !important;margin-right : 7.68%;padding-bottom : 0px !important;padding-left : 0px !important;margin-left : 7.68%;}@media only screen and (max-width:1024px) {.fusion-body .fusion-builder-column-3{width:100% !important;order : 0;}.fusion-builder-column-3 > .fusion-column-wrapper {margin-right : 1.92%;margin-left : 1.92%;}}@media only screen and (max-width:640px) {.fusion-body .fusion-builder-column-3{width:100% !important;order : 0;}.fusion-builder-column-3 > .fusion-column-wrapper {margin-right : 1.92%;margin-left : 1.92%;}}<\/style><\/div><style type=\"text\/css\">.fusion-body .fusion-flex-container.fusion-builder-row-3{ padding-top : 5%;margin-top : 0px;padding-right : 0px;padding-bottom : 5%;margin-bottom : 0px;padding-left : 0px;}<\/style><\/div><\/p>\n","protected":false},"excerpt":{"rendered":"","protected":false},"author":2,"featured_media":21120,"parent":0,"menu_order":0,"comment_status":"closed","ping_status":"closed","template":"100-width.php","meta":{"footnotes":""},"yoast_head":"<!-- This site is optimized with the Yoast SEO plugin v21.5 - https:\/\/yoast.com\/wordpress\/plugins\/seo\/ -->\n<title>Ladda ner v\u00e5ra guider om Influencer Marketing | Cure Media<\/title>\n<meta name=\"description\" content=\"Vill du l\u00e4ra dig mer om influencer marketing? H\u00e4r kan du f\u00f6rdjupa dina kunskaper f\u00f6r att lyckas med en av dagens mest framg\u00e5ngsrika marknadsf\u00f6ringsmetoder.\" \/>\n<meta name=\"robots\" content=\"index, follow, max-snippet:-1, max-image-preview:large, max-video-preview:-1\" \/>\n<link rel=\"canonical\" href=\"http:\/\/4.245.224.184\/sv\/guide-influencer-marketing\/\" \/>\n<meta property=\"og:locale\" content=\"sv_SE\" \/>\n<meta property=\"og:type\" content=\"article\" \/>\n<meta property=\"og:title\" content=\"Ladda ner v\u00e5ra guider om Influencer Marketing | Cure Media\" \/>\n<meta property=\"og:description\" content=\"Vill du l\u00e4ra dig mer om influencer marketing? H\u00e4r kan du f\u00f6rdjupa dina kunskaper f\u00f6r att lyckas med en av dagens mest framg\u00e5ngsrika marknadsf\u00f6ringsmetoder.\" \/>\n<meta property=\"og:url\" content=\"http:\/\/4.245.224.184\/sv\/guide-influencer-marketing\/\" \/>\n<meta property=\"og:site_name\" content=\"Cure Media Influencer marketing\" \/>\n<meta property=\"article:modified_time\" content=\"2023-11-07T19:46:19+00:00\" \/>\n<meta property=\"og:image\" content=\"http:\/\/4.245.224.184\/wp-content\/uploads\/2023\/11\/NEW-WEBSITE-Featured-images.png\" \/>\n\t<meta property=\"og:image:width\" content=\"1500\" \/>\n\t<meta property=\"og:image:height\" content=\"750\" \/>\n\t<meta property=\"og:image:type\" content=\"image\/png\" \/>\n<meta name=\"twitter:card\" content=\"summary_large_image\" \/>\n<meta name=\"twitter:label1\" content=\"Ber\u00e4knad l\u00e4stid\" \/>\n\t<meta name=\"twitter:data1\" content=\"4 minuter\" \/>\n<script type=\"application\/ld+json\" class=\"yoast-schema-graph\">{\"@context\":\"https:\/\/schema.org\",\"@graph\":[{\"@type\":\"WebPage\",\"@id\":\"http:\/\/4.245.224.184\/sv\/guide-influencer-marketing\/\",\"url\":\"http:\/\/4.245.224.184\/sv\/guide-influencer-marketing\/\",\"name\":\"Ladda ner v\u00e5ra guider om Influencer Marketing | Cure Media\",\"isPartOf\":{\"@id\":\"https:\/\/4.245.224.184\/#website\"},\"datePublished\":\"2019-05-07T10:45:29+00:00\",\"dateModified\":\"2023-11-07T19:46:19+00:00\",\"description\":\"Vill du l\u00e4ra dig mer om influencer marketing? H\u00e4r kan du f\u00f6rdjupa dina kunskaper f\u00f6r att lyckas med en av dagens mest framg\u00e5ngsrika marknadsf\u00f6ringsmetoder.\",\"breadcrumb\":{\"@id\":\"http:\/\/4.245.224.184\/sv\/guide-influencer-marketing\/#breadcrumb\"},\"inLanguage\":\"sv-SE\",\"potentialAction\":[{\"@type\":\"ReadAction\",\"target\":[\"http:\/\/4.245.224.184\/sv\/guide-influencer-marketing\/\"]}]},{\"@type\":\"BreadcrumbList\",\"@id\":\"http:\/\/4.245.224.184\/sv\/guide-influencer-marketing\/#breadcrumb\",\"itemListElement\":[{\"@type\":\"ListItem\",\"position\":1,\"name\":\"Home\",\"item\":\"https:\/\/4.245.224.184:443\/sv\/\"},{\"@type\":\"ListItem\",\"position\":2,\"name\":\"Guider\"}]},{\"@type\":\"WebSite\",\"@id\":\"https:\/\/4.245.224.184\/#website\",\"url\":\"https:\/\/4.245.224.184\/\",\"name\":\"Cure Media Influencer marketing\",\"description\":\"Just another WordPress site\",\"publisher\":{\"@id\":\"https:\/\/4.245.224.184\/#organization\"},\"potentialAction\":[{\"@type\":\"SearchAction\",\"target\":{\"@type\":\"EntryPoint\",\"urlTemplate\":\"https:\/\/4.245.224.184\/?s={search_term_string}\"},\"query-input\":\"required name=search_term_string\"}],\"inLanguage\":\"sv-SE\"},{\"@type\":\"Organization\",\"@id\":\"https:\/\/4.245.224.184\/#organization\",\"name\":\"Cure Media\",\"url\":\"https:\/\/4.245.224.184\/\",\"logo\":{\"@type\":\"ImageObject\",\"inLanguage\":\"sv-SE\",\"@id\":\"https:\/\/4.245.224.184\/#\/schema\/logo\/image\/\",\"url\":\"https:\/\/www.curemedia.com\/wp-content\/uploads\/2019\/09\/cure_105x94.png\",\"contentUrl\":\"https:\/\/www.curemedia.com\/wp-content\/uploads\/2019\/09\/cure_105x94.png\",\"width\":105,\"height\":94,\"caption\":\"Cure Media\"},\"image\":{\"@id\":\"https:\/\/4.245.224.184\/#\/schema\/logo\/image\/\"}}]}<\/script>\n<!-- \/ Yoast SEO plugin. -->","yoast_head_json":{"title":"Ladda ner v\u00e5ra guider om Influencer Marketing | Cure Media","description":"Vill du l\u00e4ra dig mer om influencer marketing? H\u00e4r kan du f\u00f6rdjupa dina kunskaper f\u00f6r att lyckas med en av dagens mest framg\u00e5ngsrika marknadsf\u00f6ringsmetoder.","robots":{"index":"index","follow":"follow","max-snippet":"max-snippet:-1","max-image-preview":"max-image-preview:large","max-video-preview":"max-video-preview:-1"},"canonical":"http:\/\/4.245.224.184\/sv\/guide-influencer-marketing\/","og_locale":"sv_SE","og_type":"article","og_title":"Ladda ner v\u00e5ra guider om Influencer Marketing | Cure Media","og_description":"Vill du l\u00e4ra dig mer om influencer marketing? H\u00e4r kan du f\u00f6rdjupa dina kunskaper f\u00f6r att lyckas med en av dagens mest framg\u00e5ngsrika marknadsf\u00f6ringsmetoder.","og_url":"http:\/\/4.245.224.184\/sv\/guide-influencer-marketing\/","og_site_name":"Cure Media Influencer marketing","article_modified_time":"2023-11-07T19:46:19+00:00","og_image":[{"width":1500,"height":750,"url":"http:\/\/4.245.224.184\/wp-content\/uploads\/2023\/11\/NEW-WEBSITE-Featured-images.png","type":"image\/png"}],"twitter_card":"summary_large_image","twitter_misc":{"Ber\u00e4knad l\u00e4stid":"4 minuter"},"schema":{"@context":"https:\/\/schema.org","@graph":[{"@type":"WebPage","@id":"http:\/\/4.245.224.184\/sv\/guide-influencer-marketing\/","url":"http:\/\/4.245.224.184\/sv\/guide-influencer-marketing\/","name":"Ladda ner v\u00e5ra guider om Influencer Marketing | Cure Media","isPartOf":{"@id":"https:\/\/4.245.224.184\/#website"},"datePublished":"2019-05-07T10:45:29+00:00","dateModified":"2023-11-07T19:46:19+00:00","description":"Vill du l\u00e4ra dig mer om influencer marketing? H\u00e4r kan du f\u00f6rdjupa dina kunskaper f\u00f6r att lyckas med en av dagens mest framg\u00e5ngsrika marknadsf\u00f6ringsmetoder.","breadcrumb":{"@id":"http:\/\/4.245.224.184\/sv\/guide-influencer-marketing\/#breadcrumb"},"inLanguage":"sv-SE","potentialAction":[{"@type":"ReadAction","target":["http:\/\/4.245.224.184\/sv\/guide-influencer-marketing\/"]}]},{"@type":"BreadcrumbList","@id":"http:\/\/4.245.224.184\/sv\/guide-influencer-marketing\/#breadcrumb","itemListElement":[{"@type":"ListItem","position":1,"name":"Home","item":"https:\/\/4.245.224.184:443\/sv\/"},{"@type":"ListItem","position":2,"name":"Guider"}]},{"@type":"WebSite","@id":"https:\/\/4.245.224.184\/#website","url":"https:\/\/4.245.224.184\/","name":"Cure Media Influencer marketing","description":"Just another WordPress site","publisher":{"@id":"https:\/\/4.245.224.184\/#organization"},"potentialAction":[{"@type":"SearchAction","target":{"@type":"EntryPoint","urlTemplate":"https:\/\/4.245.224.184\/?s={search_term_string}"},"query-input":"required name=search_term_string"}],"inLanguage":"sv-SE"},{"@type":"Organization","@id":"https:\/\/4.245.224.184\/#organization","name":"Cure Media","url":"https:\/\/4.245.224.184\/","logo":{"@type":"ImageObject","inLanguage":"sv-SE","@id":"https:\/\/4.245.224.184\/#\/schema\/logo\/image\/","url":"https:\/\/www.curemedia.com\/wp-content\/uploads\/2019\/09\/cure_105x94.png","contentUrl":"https:\/\/www.curemedia.com\/wp-content\/uploads\/2019\/09\/cure_105x94.png","width":105,"height":94,"caption":"Cure Media"},"image":{"@id":"https:\/\/4.245.224.184\/#\/schema\/logo\/image\/"}}]}},"_links":{"self":[{"href":"http:\/\/4.245.224.184\/sv\/wp-json\/wp\/v2\/pages\/118"}],"collection":[{"href":"http:\/\/4.245.224.184\/sv\/wp-json\/wp\/v2\/pages"}],"about":[{"href":"http:\/\/4.245.224.184\/sv\/wp-json\/wp\/v2\/types\/page"}],"author":[{"embeddable":true,"href":"http:\/\/4.245.224.184\/sv\/wp-json\/wp\/v2\/users\/2"}],"replies":[{"embeddable":true,"href":"http:\/\/4.245.224.184\/sv\/wp-json\/wp\/v2\/comments?post=118"}],"version-history":[{"count":31,"href":"http:\/\/4.245.224.184\/sv\/wp-json\/wp\/v2\/pages\/118\/revisions"}],"predecessor-version":[{"id":21625,"href":"http:\/\/4.245.224.184\/sv\/wp-json\/wp\/v2\/pages\/118\/revisions\/21625"}],"wp:featuredmedia":[{"embeddable":true,"href":"http:\/\/4.245.224.184\/sv\/wp-json\/wp\/v2\/media\/21120"}],"wp:attachment":[{"href":"http:\/\/4.245.224.184\/sv\/wp-json\/wp\/v2\/media?parent=118"}],"curies":[{"name":"wp","href":"https:\/\/api.w.org\/{rel}","templated":true}]}}