{"id":8971,"date":"2021-01-19T14:41:44","date_gmt":"2021-01-19T14:41:44","guid":{"rendered":"https:\/\/www.curemedia.com\/?page_id=8971"},"modified":"2023-11-10T09:24:33","modified_gmt":"2023-11-10T09:24:33","slug":"podcast","status":"publish","type":"page","link":"http:\/\/4.245.224.184\/de\/podcast\/","title":{"rendered":"Podcast"},"content":{"rendered":"<p><div class=\"fusion-bg-parallax\" data-bg-align=\"center center\" data-direction=\"up\" data-mute=\"false\" data-opacity=\"100\" data-velocity=\"-0.3\" data-mobile-enabled=\"false\" data-break_parents=\"0\" data-bg-image=\"https:\/\/www.curemedia.com\/wp-content\/uploads\/2023\/10\/NEW-WEBSITE-Headers-6-1.png\" data-bg-repeat=\"false\" ><\/div><div class=\"fusion-fullwidth fullwidth-box fusion-builder-row-1 fusion-parallax-up nonhundred-percent-fullwidth non-hundred-percent-height-scrolling fusion-animated fusion-absolute-container fusion-absolute-position-small fusion-absolute-position-medium fusion-absolute-position-large\" style=\"background-color: rgba(255,255,255,0);background-image: url(&quot;https:\/\/www.curemedia.com\/wp-content\/uploads\/2023\/10\/NEW-WEBSITE-Headers-6-1.png&quot;);background-position: center center;background-repeat: no-repeat;padding-top:250px;padding-right:0px;padding-bottom:0px;padding-left:0px;margin-bottom: 0px;margin-top: 0px;border-width: 0px 0px 0px 0px;border-color:#eae9e9;border-style:solid;-webkit-background-size:cover;-moz-background-size:cover;-o-background-size:cover;background-size:cover;\" data-animationType=\"slideInUp\" data-animationDuration=\"0.3\" data-animationOffset=\"100%\" ><div class=\"fusion-builder-row fusion-row\"><div class=\"fusion-layout-column fusion_builder_column fusion-builder-column-0 fusion_builder_column_1_1 1_1 fusion-one-full fusion-column-first fusion-column-last\" style=\"margin-top:0px;margin-bottom:20px;\"><div class=\"fusion-column-wrapper fusion-flex-column-wrapper-legacy\" style=\"background-position:left top;background-repeat:no-repeat;-webkit-background-size:cover;-moz-background-size:cover;-o-background-size:cover;background-size:cover;padding: 0px 0px 0px 0px;\"><style type=\"text\/css\"><\/style><div class=\"fusion-title title fusion-title-1 fusion-sep-none fusion-title-text fusion-title-size-one\" style=\"margin-top:0px;margin-bottom:31px;\"><h1 class=\"title-heading-left\" style=\"margin:0;color:#ffffff;\">INFLUENCER MARKETING TALKS<\/h1><\/div><div class=\"fusion-clearfix\"><\/div><\/div><\/div><\/div><\/div><div class=\"fusion-bg-parallax\" data-bg-align=\"center center\" data-direction=\"up\" data-mute=\"false\" data-opacity=\"100\" data-velocity=\"-0.3\" data-mobile-enabled=\"false\" data-break_parents=\"0\" data-bg-image=\"https:\/\/www.curemedia.com\/wp-content\/uploads\/2023\/10\/NEW-WEBSITE-Headers-6-1.png\" data-bg-repeat=\"false\" ><\/div><div class=\"fusion-fullwidth fullwidth-box fusion-builder-row-2 fusion-parallax-up nonhundred-percent-fullwidth non-hundred-percent-height-scrolling fusion-no-large-visibility fusion-animated fusion-absolute-container fusion-absolute-position-small fusion-absolute-position-medium fusion-absolute-position-large\" style=\"background-color: rgba(255,255,255,0);background-image: url(&quot;https:\/\/www.curemedia.com\/wp-content\/uploads\/2023\/10\/NEW-WEBSITE-Headers-6-1.png&quot;);background-position: center center;background-repeat: no-repeat;padding-top:250px;padding-right:0px;padding-bottom:0px;padding-left:0px;margin-bottom: 0px;margin-top: 0px;border-width: 0px 0px 0px 0px;border-color:#eae9e9;border-style:solid;-webkit-background-size:cover;-moz-background-size:cover;-o-background-size:cover;background-size:cover;\" data-animationType=\"slideInUp\" data-animationDuration=\"0.3\" data-animationOffset=\"100%\" ><div class=\"fusion-builder-row fusion-row\"><div class=\"fusion-layout-column fusion_builder_column fusion-builder-column-1 fusion_builder_column_1_1 1_1 fusion-one-full fusion-column-first fusion-column-last\" style=\"margin-top:0px;margin-bottom:20px;\"><div class=\"fusion-column-wrapper fusion-flex-column-wrapper-legacy\" style=\"background-position:left top;background-repeat:no-repeat;-webkit-background-size:cover;-moz-background-size:cover;-o-background-size:cover;background-size:cover;padding: 0px 0px 0px 0px;\"><style type=\"text\/css\"><\/style><div class=\"fusion-title title fusion-title-2 fusion-sep-none fusion-title-text fusion-title-size-one\" style=\"margin-top:0px;margin-bottom:31px;\"><h1 class=\"title-heading-left\" style=\"margin:0;color:#ffffff;\"><div class=\"header-mobile\">INFLUENCER MARKETING TALKS<\/div><\/h1><\/div><div class=\"fusion-clearfix\"><\/div><\/div><\/div><\/div><\/div><div class=\"fusion-fullwidth fullwidth-box fusion-builder-row-3 nonhundred-percent-fullwidth non-hundred-percent-height-scrolling\" style=\"background-color: #f4f4f1;background-position: center center;background-repeat: no-repeat;padding-top:5%;padding-right:0px;padding-bottom:5%;padding-left:0px;margin-bottom: 0px;margin-top: 0px;border-width: 0px 0px 0px 0px;border-color:#eae9e9;border-style:solid;\" ><div class=\"fusion-builder-row fusion-row\"><div class=\"fusion-layout-column fusion_builder_column fusion-builder-column-2 fusion_builder_column_2_3 2_3 fusion-two-third fusion-column-first\" style=\"width:66.666666666667%;width:calc(66.666666666667% - ( ( 4% ) * 0.66666666666667 ) );margin-right: 4%;margin-top:0px;margin-bottom:20px;\"><div class=\"fusion-column-wrapper fusion-flex-column-wrapper-legacy\" style=\"background-position:left top;background-repeat:no-repeat;-webkit-background-size:cover;-moz-background-size:cover;-o-background-size:cover;background-size:cover;padding: 0px 0px 0px 0px;\"><div class=\"fusion-sep-clear\"><\/div><div class=\"fusion-separator fusion-full-width-sep\" style=\"margin-left: auto;margin-right: auto;margin-top:20px;margin-bottom:20px;width:100%;\"><\/div><div class=\"fusion-sep-clear\"><\/div><style type=\"text\/css\"><\/style><div class=\"fusion-title title fusion-title-3 fusion-sep-none fusion-title-text fusion-title-size-two\" style=\"margin-top:0px;margin-bottom:31px;\"><h2 class=\"title-heading-left\" style=\"margin:0;\">15 Minuten Influencer Marketing &#8211; w\u00f6chentlich neue Folgen!<\/h2><\/div><div class=\"fusion-sep-clear\"><\/div><div class=\"fusion-separator fusion-full-width-sep\" style=\"margin-left: auto;margin-right: auto;margin-top:10px;margin-bottom:10px;width:100%;\"><\/div><div class=\"fusion-sep-clear\"><\/div><div class=\"fusion-text fusion-text-1\"><p><span style=\"font-weight: 400;\">Willkommen zu unseren Influencer Marketing Talks, Ihr w\u00f6chentlicher Podcast, um Influencer Marketing besser zu verstehen und zu erfahren, warum es so ein effektiver Kanal f\u00fcr den Beziehungsaufbau zu Ihrer Zielgruppe ist.<\/span><\/p>\n<p><span style=\"font-weight: 400;\">Jeden Mittwoch besprechen wir Themen rund um digitales Marketing und Social Media, um Sie auf dem neusten Stand zu bringen und sicherzustellen, dass Sie das richtige Know-How f\u00fcr Ihr Influencer Marketing erhalten.\u00a0<\/span><\/p>\n<p><span style=\"font-weight: 400;\">Mit uns und unseren G\u00e4sten bekommen Sie Tipps aus erster Hand und k\u00f6nnen Ihre Marketingstrategie auf ein neues Level heben. H\u00f6ren Sie rein!<\/span><\/p>\n<\/div><div class=\"fusion-clearfix\"><\/div><\/div><\/div><div class=\"fusion-layout-column fusion_builder_column fusion-builder-column-3 fusion_builder_column_1_3 1_3 fusion-one-third fusion-column-last fusion-no-small-visibility\" style=\"width:33.333333333333%;width:calc(33.333333333333% - ( ( 4% ) * 0.33333333333333 ) );margin-top:0px;margin-bottom:20px;\"><div class=\"fusion-column-wrapper fusion-flex-column-wrapper-legacy\" style=\"background-position:left top;background-repeat:no-repeat;-webkit-background-size:cover;-moz-background-size:cover;-o-background-size:cover;background-size:cover;padding: 0px 0px 0px 0px;\"><iframe allow=\"autoplay *; encrypted-media *; fullscreen *\" frameborder=\"0\" height=\"450\" style=\"width:100%;max-width:660px;overflow:hidden;background:transparent;\" sandbox=\"allow-forms allow-popups allow-same-origin allow-scripts allow-storage-access-by-user-activation allow-top-navigation-by-user-activation\" src=\"https:\/\/embed.podcasts.apple.com\/de\/podcast\/influencer-marketing-talks\/id1550596953\"><\/iframe><div class=\"fusion-clearfix\"><\/div><\/div><\/div><div class=\"fusion-layout-column fusion_builder_column fusion-builder-column-4 fusion_builder_column_1_6 1_6 fusion-one-sixth fusion-column-first\" style=\"width:16.666666666667%;width:calc(16.666666666667% - ( ( 4% ) * 0.16666666666667 ) );margin-right: 4%;margin-top:0px;margin-bottom:20px;\"><div class=\"fusion-column-wrapper fusion-flex-column-wrapper-legacy\" style=\"background-position:left top;background-repeat:no-repeat;-webkit-background-size:cover;-moz-background-size:cover;-o-background-size:cover;background-size:cover;padding: 0px 0px 0px 0px;\"><span class=\" fusion-imageframe imageframe-none imageframe-1 hover-type-none\" style=\"margin-bottom:10PX;\"><img decoding=\"async\" width=\"800\" height=\"800\" alt=\"Frida Ekholm\" title=\"frida-2021-color-round-final (1)\" src=\"https:\/\/www.curemedia.com\/wp-content\/uploads\/2021\/04\/frida-2021-color-round-final-1.png\" class=\"img-responsive wp-image-10225\" srcset=\"http:\/\/4.245.224.184\/wp-content\/uploads\/2021\/04\/frida-2021-color-round-final-1-200x200.png 200w, http:\/\/4.245.224.184\/wp-content\/uploads\/2021\/04\/frida-2021-color-round-final-1-400x400.png 400w, http:\/\/4.245.224.184\/wp-content\/uploads\/2021\/04\/frida-2021-color-round-final-1-600x600.png 600w, http:\/\/4.245.224.184\/wp-content\/uploads\/2021\/04\/frida-2021-color-round-final-1.png 800w\" sizes=\"(max-width: 800px) 100vw, 200px\" \/><\/span><div class=\"fusion-text fusion-text-2\" style=\"letter-spacing:1PX;\"><p style=\"text-align: center;\"><a href=\"https:\/\/www.linkedin.com\/in\/fridaekholm\/\">FRIDA EKHOLM<\/a><\/p>\n<\/div><div class=\"fusion-clearfix\"><\/div><\/div><\/div><div class=\"fusion-layout-column fusion_builder_column fusion-builder-column-5 fusion_builder_column_1_6 1_6 fusion-one-sixth fusion-column-last\" style=\"width:16.666666666667%;width:calc(16.666666666667% - ( ( 4% ) * 0.16666666666667 ) );margin-top:0px;margin-bottom:20px;\"><div class=\"fusion-column-wrapper fusion-flex-column-wrapper-legacy\" style=\"background-position:left top;background-repeat:no-repeat;-webkit-background-size:cover;-moz-background-size:cover;-o-background-size:cover;background-size:cover;padding: 0px 0px 0px 0px;\"><span class=\" fusion-imageframe imageframe-none imageframe-2 hover-type-none\" style=\"margin-bottom:10PX;\"><img decoding=\"async\" width=\"800\" height=\"800\" alt=\"Sanna \u00d6dmark\" title=\"sanna-2021-color-round (1)\" src=\"https:\/\/www.curemedia.com\/wp-content\/uploads\/2021\/04\/sanna-2021-color-round-1.png\" class=\"img-responsive wp-image-10232\" srcset=\"http:\/\/4.245.224.184\/wp-content\/uploads\/2021\/04\/sanna-2021-color-round-1-200x200.png 200w, http:\/\/4.245.224.184\/wp-content\/uploads\/2021\/04\/sanna-2021-color-round-1-400x400.png 400w, http:\/\/4.245.224.184\/wp-content\/uploads\/2021\/04\/sanna-2021-color-round-1-600x600.png 600w, http:\/\/4.245.224.184\/wp-content\/uploads\/2021\/04\/sanna-2021-color-round-1.png 800w\" sizes=\"(max-width: 800px) 100vw, 200px\" \/><\/span><div class=\"fusion-text fusion-text-3\" style=\"letter-spacing:1PX;\"><p style=\"text-align: center;\"><a href=\"https:\/\/www.linkedin.com\/in\/sannaodmark\/\">SANNA \u00d6DMARK<\/a><\/p>\n<\/div><div class=\"fusion-clearfix\"><\/div><\/div><\/div><\/div><\/div><\/p>\n","protected":false},"excerpt":{"rendered":"","protected":false},"author":2,"featured_media":20408,"parent":0,"menu_order":0,"comment_status":"closed","ping_status":"closed","template":"100-width.php","meta":{"footnotes":""},"yoast_head":"<!-- This site is optimized with the Yoast SEO plugin v21.5 - https:\/\/yoast.com\/wordpress\/plugins\/seo\/ -->\n<title>Influencer Marketing Talks - 15 Minuten Podcast jede Woche | Cure Media<\/title>\n<meta name=\"description\" content=\"Jeden Mittwoch gibt es neue Folgen zu topaktuellen Themen rund um Influencer Marketing, digitales Marketing und Social Media. H\u00f6ren Sie rein!\" \/>\n<meta name=\"robots\" content=\"index, follow, max-snippet:-1, max-image-preview:large, max-video-preview:-1\" \/>\n<link rel=\"canonical\" href=\"http:\/\/4.245.224.184\/de\/podcast\/\" \/>\n<meta property=\"og:locale\" content=\"de_DE\" \/>\n<meta property=\"og:type\" content=\"article\" \/>\n<meta property=\"og:title\" content=\"Influencer Marketing Talks - 15 Minuten Podcast jede Woche | Cure Media\" \/>\n<meta property=\"og:description\" content=\"Jeden Mittwoch gibt es neue Folgen zu topaktuellen Themen rund um Influencer Marketing, digitales Marketing und Social Media. H\u00f6ren Sie rein!\" \/>\n<meta property=\"og:url\" content=\"http:\/\/4.245.224.184\/de\/podcast\/\" \/>\n<meta property=\"og:site_name\" content=\"Cure Media\" \/>\n<meta property=\"article:modified_time\" content=\"2023-11-10T09:24:33+00:00\" \/>\n<meta property=\"og:image\" content=\"http:\/\/4.245.224.184\/wp-content\/uploads\/2023\/10\/NEW-WEBSITE-Featured-images-3-1.png\" \/>\n\t<meta property=\"og:image:width\" content=\"1500\" \/>\n\t<meta property=\"og:image:height\" content=\"750\" \/>\n\t<meta property=\"og:image:type\" content=\"image\/png\" \/>\n<meta name=\"twitter:card\" content=\"summary_large_image\" \/>\n<meta name=\"twitter:label1\" content=\"Gesch\u00e4tzte Lesezeit\" \/>\n\t<meta name=\"twitter:data1\" content=\"6 Minuten\" \/>\n<script type=\"application\/ld+json\" class=\"yoast-schema-graph\">{\"@context\":\"https:\/\/schema.org\",\"@graph\":[{\"@type\":\"WebPage\",\"@id\":\"http:\/\/4.245.224.184\/de\/podcast\/\",\"url\":\"http:\/\/4.245.224.184\/de\/podcast\/\",\"name\":\"Influencer Marketing Talks - 15 Minuten Podcast jede Woche | Cure Media\",\"isPartOf\":{\"@id\":\"https:\/\/4.245.224.184\/#website\"},\"datePublished\":\"2021-01-19T14:41:44+00:00\",\"dateModified\":\"2023-11-10T09:24:33+00:00\",\"description\":\"Jeden Mittwoch gibt es neue Folgen zu topaktuellen Themen rund um Influencer Marketing, digitales Marketing und Social Media. H\u00f6ren Sie rein!\",\"breadcrumb\":{\"@id\":\"http:\/\/4.245.224.184\/de\/podcast\/#breadcrumb\"},\"inLanguage\":\"de-DE\",\"potentialAction\":[{\"@type\":\"ReadAction\",\"target\":[\"http:\/\/4.245.224.184\/de\/podcast\/\"]}]},{\"@type\":\"BreadcrumbList\",\"@id\":\"http:\/\/4.245.224.184\/de\/podcast\/#breadcrumb\",\"itemListElement\":[{\"@type\":\"ListItem\",\"position\":1,\"name\":\"Home\",\"item\":\"https:\/\/4.245.224.184:443\/de\/\"},{\"@type\":\"ListItem\",\"position\":2,\"name\":\"Podcast\"}]},{\"@type\":\"WebSite\",\"@id\":\"https:\/\/4.245.224.184\/#website\",\"url\":\"https:\/\/4.245.224.184\/\",\"name\":\"Cure Media\",\"description\":\"Just another WordPress site\",\"publisher\":{\"@id\":\"https:\/\/4.245.224.184\/#organization\"},\"potentialAction\":[{\"@type\":\"SearchAction\",\"target\":{\"@type\":\"EntryPoint\",\"urlTemplate\":\"https:\/\/4.245.224.184\/?s={search_term_string}\"},\"query-input\":\"required name=search_term_string\"}],\"inLanguage\":\"de-DE\"},{\"@type\":\"Organization\",\"@id\":\"https:\/\/4.245.224.184\/#organization\",\"name\":\"Cure Media\",\"url\":\"https:\/\/4.245.224.184\/\",\"logo\":{\"@type\":\"ImageObject\",\"inLanguage\":\"de-DE\",\"@id\":\"https:\/\/4.245.224.184\/#\/schema\/logo\/image\/\",\"url\":\"https:\/\/www.curemedia.com\/wp-content\/uploads\/2019\/09\/cure_105x94.png\",\"contentUrl\":\"https:\/\/www.curemedia.com\/wp-content\/uploads\/2019\/09\/cure_105x94.png\",\"width\":105,\"height\":94,\"caption\":\"Cure Media\"},\"image\":{\"@id\":\"https:\/\/4.245.224.184\/#\/schema\/logo\/image\/\"}}]}<\/script>\n<!-- \/ Yoast SEO plugin. -->","yoast_head_json":{"title":"Influencer Marketing Talks - 15 Minuten Podcast jede Woche | Cure Media","description":"Jeden Mittwoch gibt es neue Folgen zu topaktuellen Themen rund um Influencer Marketing, digitales Marketing und Social Media. H\u00f6ren Sie rein!","robots":{"index":"index","follow":"follow","max-snippet":"max-snippet:-1","max-image-preview":"max-image-preview:large","max-video-preview":"max-video-preview:-1"},"canonical":"http:\/\/4.245.224.184\/de\/podcast\/","og_locale":"de_DE","og_type":"article","og_title":"Influencer Marketing Talks - 15 Minuten Podcast jede Woche | Cure Media","og_description":"Jeden Mittwoch gibt es neue Folgen zu topaktuellen Themen rund um Influencer Marketing, digitales Marketing und Social Media. H\u00f6ren Sie rein!","og_url":"http:\/\/4.245.224.184\/de\/podcast\/","og_site_name":"Cure Media","article_modified_time":"2023-11-10T09:24:33+00:00","og_image":[{"width":1500,"height":750,"url":"http:\/\/4.245.224.184\/wp-content\/uploads\/2023\/10\/NEW-WEBSITE-Featured-images-3-1.png","type":"image\/png"}],"twitter_card":"summary_large_image","twitter_misc":{"Gesch\u00e4tzte Lesezeit":"6 Minuten"},"schema":{"@context":"https:\/\/schema.org","@graph":[{"@type":"WebPage","@id":"http:\/\/4.245.224.184\/de\/podcast\/","url":"http:\/\/4.245.224.184\/de\/podcast\/","name":"Influencer Marketing Talks - 15 Minuten Podcast jede Woche | Cure Media","isPartOf":{"@id":"https:\/\/4.245.224.184\/#website"},"datePublished":"2021-01-19T14:41:44+00:00","dateModified":"2023-11-10T09:24:33+00:00","description":"Jeden Mittwoch gibt es neue Folgen zu topaktuellen Themen rund um Influencer Marketing, digitales Marketing und Social Media. H\u00f6ren Sie rein!","breadcrumb":{"@id":"http:\/\/4.245.224.184\/de\/podcast\/#breadcrumb"},"inLanguage":"de-DE","potentialAction":[{"@type":"ReadAction","target":["http:\/\/4.245.224.184\/de\/podcast\/"]}]},{"@type":"BreadcrumbList","@id":"http:\/\/4.245.224.184\/de\/podcast\/#breadcrumb","itemListElement":[{"@type":"ListItem","position":1,"name":"Home","item":"https:\/\/4.245.224.184:443\/de\/"},{"@type":"ListItem","position":2,"name":"Podcast"}]},{"@type":"WebSite","@id":"https:\/\/4.245.224.184\/#website","url":"https:\/\/4.245.224.184\/","name":"Cure Media","description":"Just another WordPress site","publisher":{"@id":"https:\/\/4.245.224.184\/#organization"},"potentialAction":[{"@type":"SearchAction","target":{"@type":"EntryPoint","urlTemplate":"https:\/\/4.245.224.184\/?s={search_term_string}"},"query-input":"required name=search_term_string"}],"inLanguage":"de-DE"},{"@type":"Organization","@id":"https:\/\/4.245.224.184\/#organization","name":"Cure Media","url":"https:\/\/4.245.224.184\/","logo":{"@type":"ImageObject","inLanguage":"de-DE","@id":"https:\/\/4.245.224.184\/#\/schema\/logo\/image\/","url":"https:\/\/www.curemedia.com\/wp-content\/uploads\/2019\/09\/cure_105x94.png","contentUrl":"https:\/\/www.curemedia.com\/wp-content\/uploads\/2019\/09\/cure_105x94.png","width":105,"height":94,"caption":"Cure Media"},"image":{"@id":"https:\/\/4.245.224.184\/#\/schema\/logo\/image\/"}}]}},"_links":{"self":[{"href":"http:\/\/4.245.224.184\/de\/wp-json\/wp\/v2\/pages\/8971"}],"collection":[{"href":"http:\/\/4.245.224.184\/de\/wp-json\/wp\/v2\/pages"}],"about":[{"href":"http:\/\/4.245.224.184\/de\/wp-json\/wp\/v2\/types\/page"}],"author":[{"embeddable":true,"href":"http:\/\/4.245.224.184\/de\/wp-json\/wp\/v2\/users\/2"}],"replies":[{"embeddable":true,"href":"http:\/\/4.245.224.184\/de\/wp-json\/wp\/v2\/comments?post=8971"}],"version-history":[{"count":30,"href":"http:\/\/4.245.224.184\/de\/wp-json\/wp\/v2\/pages\/8971\/revisions"}],"predecessor-version":[{"id":21690,"href":"http:\/\/4.245.224.184\/de\/wp-json\/wp\/v2\/pages\/8971\/revisions\/21690"}],"wp:featuredmedia":[{"embeddable":true,"href":"http:\/\/4.245.224.184\/de\/wp-json\/wp\/v2\/media\/20408"}],"wp:attachment":[{"href":"http:\/\/4.245.224.184\/de\/wp-json\/wp\/v2\/media?parent=8971"}],"curies":[{"name":"wp","href":"https:\/\/api.w.org\/{rel}","templated":true}]}}